{"id":450,"date":"2025-04-28T10:33:56","date_gmt":"2025-04-28T08:33:56","guid":{"rendered":"https:\/\/lacrinera.framegirona2.dev\/?page_id=450"},"modified":"2025-04-30T12:43:24","modified_gmt":"2025-04-30T10:43:24","slug":"politica-de-cookies","status":"publish","type":"page","link":"https:\/\/www.lacrinera.com\/ca\/politica-de-cookies\/","title":{"rendered":"Pol\u00edtica de cookies"},"content":{"rendered":"<div data-elementor-type=\"wp-page\" data-elementor-id=\"450\" class=\"elementor elementor-450\" data-elementor-post-type=\"page\">\n\t\t\t\t<div class=\"elementor-element elementor-element-53ff5e8 e-flex e-con-boxed elementor-invisible e-con e-parent\" data-id=\"53ff5e8\" data-element_type=\"container\" data-e-type=\"container\" data-settings=\"{&quot;background_background&quot;:&quot;classic&quot;,&quot;animation&quot;:&quot;fadeIn&quot;}\">\n\t\t\t\t\t<div class=\"e-con-inner\">\n\t\t<div class=\"elementor-element elementor-element-f49c40d e-con-full animated-slow e-flex elementor-invisible e-con e-child\" data-id=\"f49c40d\" data-element_type=\"container\" data-e-type=\"container\" data-settings=\"{&quot;animation&quot;:&quot;fadeIn&quot;,&quot;animation_delay&quot;:550}\">\n\t\t\t\t<div class=\"elementor-element elementor-element-88bdb85 elementor-widget elementor-widget-heading\" data-id=\"88bdb85\" data-element_type=\"widget\" data-e-type=\"widget\" data-widget_type=\"heading.default\">\n\t\t\t\t<div class=\"elementor-widget-container\">\n\t\t\t\t\t<h2 class=\"elementor-heading-title elementor-size-default\">POL\u00cdTICA DE COOKIES<\/h2>\t\t\t\t<\/div>\n\t\t\t\t<\/div>\n\t\t\t\t<div class=\"elementor-element elementor-element-ff03fd0 elementor-widget elementor-widget-text-editor\" data-id=\"ff03fd0\" data-element_type=\"widget\" data-e-type=\"widget\" data-widget_type=\"text-editor.default\">\n\t\t\t\t<div class=\"elementor-widget-container\">\n\t\t\t\t\t\t\t\t\t<p class=\"\" data-start=\"5514\" data-end=\"5542\"><span style=\"text-decoration: underline;\"><strong data-start=\"5514\" data-end=\"5542\">1. Qu\u00e8 s\u00f3n les cookies?<\/strong><\/span><\/p><p class=\"\" data-start=\"5544\" data-end=\"5917\">Les cookies s\u00f3n fitxers que es descarreguen al seu dispositiu en accedir a determinats llocs web. Permeten a una p\u00e0gina web, entre altres coses, emmagatzemar i recuperar informaci\u00f3 sobre els h\u00e0bits de navegaci\u00f3 d\u2019un usuari o del seu equip i, depenent de la informaci\u00f3 que continguin i de la forma en qu\u00e8 s\u2019utilitzi el dispositiu, poden utilitzar-se per recon\u00e8ixer l\u2019usuari.<\/p><p class=\"\" data-start=\"5919\" data-end=\"5971\"><strong data-start=\"5919\" data-end=\"5971\"><br \/><span style=\"text-decoration: underline;\">2. Tipus de cookies utilitzades en aquest lloc web<\/span><\/strong><\/p><p class=\"\" data-start=\"5973\" data-end=\"6107\">Aquest lloc web utilitza cookies pr\u00f2pies i de tercers amb diferents finalitats. A continuaci\u00f3, es detallen les categories utilitzades:<\/p><ul data-start=\"6109\" data-end=\"7050\"><li class=\"\" data-start=\"6109\" data-end=\"6278\"><p class=\"\" data-start=\"6111\" data-end=\"6278\"><strong data-start=\"6111\" data-end=\"6131\">Cookies t\u00e8cniques<\/strong>: imprescindibles per al correcte funcionament del lloc web. Permeten a l\u2019usuari la navegaci\u00f3 i l\u2019\u00fas de les diferents opcions o serveis.<\/p><\/li><li class=\"\" data-start=\"6279\" data-end=\"6446\"><p class=\"\" data-start=\"6281\" data-end=\"6446\"><strong data-start=\"6281\" data-end=\"6304\">Cookies d\u2019an\u00e0lisi<\/strong>: utilitzades per quantificar el nombre d\u2019usuaris i aix\u00ed realitzar la mesura i an\u00e0lisi estad\u00edstica de la utilitzaci\u00f3 del servei ofert.<\/p><\/li><li class=\"\" data-start=\"6447\" data-end=\"6621\"><p class=\"\" data-start=\"6449\" data-end=\"6621\"><strong data-start=\"6449\" data-end=\"6479\">Cookies de personalitzaci\u00f3<\/strong>: permeten a l\u2019usuari accedir al servei amb algunes caracter\u00edstiques de car\u00e0cter general predefinides, com l\u2019idioma o el tipus de navegador.<\/p><\/li><li class=\"\" data-start=\"6622\" data-end=\"6778\"><p class=\"\" data-start=\"6624\" data-end=\"6778\"><strong data-start=\"6624\" data-end=\"6649\">Cookies publicit\u00e0ries<\/strong>: permeten la gesti\u00f3, de la manera m\u00e9s efica\u00e7 possible, dels espais publicitaris que l\u2019editor hagi incl\u00f2s al lloc web.<\/p><\/li><li class=\"\" data-start=\"6779\" data-end=\"7050\"><p class=\"\" data-start=\"6781\" data-end=\"7050\"><strong data-start=\"6781\" data-end=\"6821\">Cookies de publicitat comportamental<\/strong>: emmagatzemen informaci\u00f3 del comportament dels usuaris obtinguda a trav\u00e9s de l\u2019observaci\u00f3 continuada dels seus h\u00e0bits de navegaci\u00f3, cosa que permet desenvolupar un perfil espec\u00edfic per mostrar publicitat en funci\u00f3 d\u2019aquest perfil.<\/p><\/li><\/ul><p class=\"\" data-start=\"7052\" data-end=\"7192\">Els prove\u00efdors de serveis externs, com Google, poden utilitzar cookies per recopilar informaci\u00f3 amb finalitats anal\u00edtiques i publicit\u00e0ries.<\/p><p class=\"\" data-start=\"7194\" data-end=\"7223\"><strong data-start=\"7194\" data-end=\"7223\"><br \/><span style=\"text-decoration: underline;\">3. Gesti\u00f3 de les cookies<\/span><\/strong><\/p><p class=\"\" data-start=\"7225\" data-end=\"7421\">En accedir al lloc web, l\u2019usuari \u00e9s informat mitjan\u00e7ant un b\u00e0ner sobre l\u2019exist\u00e8ncia de cookies, i se li ofereix la possibilitat d\u2019acceptar-les, rebutjar-les o configurar-les de manera personalitzada.<\/p><p class=\"\" data-start=\"7423\" data-end=\"7563\">L\u2019usuari pot modificar les seves prefer\u00e8ncies en qualsevol moment des de l\u2019enlla\u00e7 habilitat com a \u201cConfiguraci\u00f3 de cookies\u201d al lloc web.<\/p><p class=\"\" data-start=\"7565\" data-end=\"7749\">Aix\u00ed mateix, pot configurar el seu navegador per permetre, bloquejar o eliminar les cookies instal\u00b7lades. A continuaci\u00f3, s\u2019indiquen enlla\u00e7os a la configuraci\u00f3 dels navegadors m\u00e9s comuns:<\/p><ul data-start=\"7751\" data-end=\"8073\"><li class=\"\" data-start=\"7751\" data-end=\"7822\"><p class=\"\" data-start=\"7753\" data-end=\"7822\"><a href=\"https:\/\/support.google.com\/chrome\/answer\/95647?hl=es&amp;co=GENIE.Platform%3DDesktop\" target=\"_blank\" rel=\"noopener\" data-start=\"7753\" data-end=\"7822\">Google Chrome<\/a><\/p><\/li><li class=\"\" data-start=\"7823\" data-end=\"7921\"><p class=\"\" data-start=\"7825\" data-end=\"7921\"><a class=\"\" href=\"https:\/\/support.mozilla.org\/es\/kb\/habilitar-y-deshabilitar-cookies-sitios-web\" target=\"_blank\" rel=\"noopener\" data-start=\"7825\" data-end=\"7921\">Mozilla Firefox<\/a><\/p><\/li><li class=\"\" data-start=\"7922\" data-end=\"7974\"><p class=\"\" data-start=\"7924\" data-end=\"7974\"><a class=\"\" href=\"https:\/\/support.apple.com\/es-es\/HT201265\" target=\"_blank\" rel=\"noopener\" data-start=\"7924\" data-end=\"7974\">Safari<\/a><\/p><\/li><li class=\"\" data-start=\"7975\" data-end=\"8073\"><p class=\"\" data-start=\"7977\" data-end=\"8073\"><a class=\"\" href=\"https:\/\/support.microsoft.com\/es-es\/help\/4027947\/microsoft-edge-delete-cookies\" target=\"_blank\" rel=\"noopener\" data-start=\"7977\" data-end=\"8073\">Microsoft Edge<\/a><\/p><\/li><\/ul><p class=\"\" data-start=\"8075\" data-end=\"8121\"><strong data-start=\"8075\" data-end=\"8121\"><br \/><span style=\"text-decoration: underline;\">4. Actualitzaci\u00f3 de la pol\u00edtica de cookies<\/span><\/strong><\/p><p class=\"\" data-start=\"8123\" data-end=\"8400\">La present pol\u00edtica de cookies pot modificar-se en funci\u00f3 d\u2019exig\u00e8ncies legislatives, reglament\u00e0ries o amb la finalitat d\u2019adaptar-la a les instruccions dictades per l\u2019Ag\u00e8ncia Espanyola de Protecci\u00f3 de Dades. Es recomana a l\u2019usuari revisar-la peri\u00f2dicament.<\/p><p class=\"\" data-start=\"8402\" data-end=\"8482\">Per a qualsevol dubte o consulta, pot escriure\u2019ns a: <strong data-start=\"8455\" data-end=\"8482\"><a rel=\"noopener\" data-start=\"8457\" data-end=\"8480\">crineragirona@gmail.com<\/a><\/strong><\/p>\t\t\t\t\t\t\t\t<\/div>\n\t\t\t\t<\/div>\n\t\t\t\t<\/div>\n\t\t\t\t\t<\/div>\n\t\t\t\t<\/div>\n\t\t\t\t<\/div>","protected":false},"excerpt":{"rendered":"<p>POL\u00cdTICA DE COOKIES 1. \u00bfQu\u00e9 son las cookies? Las cookies son archivos que se descargan en su dispositivo al acceder a determinados sitios web. Permiten a una p\u00e1gina web, entre otras cosas, almacenar y recuperar informaci\u00f3n sobre los h\u00e1bitos de navegaci\u00f3n de un usuario o de su equipo y, dependiendo de la informaci\u00f3n que contengan [&hellip;]<\/p>","protected":false},"author":1,"featured_media":0,"parent":0,"menu_order":0,"comment_status":"closed","ping_status":"closed","template":"","meta":{"footnotes":""},"class_list":["post-450","page","type-page","status-publish","hentry"],"_links":{"self":[{"href":"https:\/\/www.lacrinera.com\/ca\/wp-json\/wp\/v2\/pages\/450","targetHints":{"allow":["GET"]}}],"collection":[{"href":"https:\/\/www.lacrinera.com\/ca\/wp-json\/wp\/v2\/pages"}],"about":[{"href":"https:\/\/www.lacrinera.com\/ca\/wp-json\/wp\/v2\/types\/page"}],"author":[{"embeddable":true,"href":"https:\/\/www.lacrinera.com\/ca\/wp-json\/wp\/v2\/users\/1"}],"replies":[{"embeddable":true,"href":"https:\/\/www.lacrinera.com\/ca\/wp-json\/wp\/v2\/comments?post=450"}],"version-history":[{"count":4,"href":"https:\/\/www.lacrinera.com\/ca\/wp-json\/wp\/v2\/pages\/450\/revisions"}],"predecessor-version":[{"id":682,"href":"https:\/\/www.lacrinera.com\/ca\/wp-json\/wp\/v2\/pages\/450\/revisions\/682"}],"wp:attachment":[{"href":"https:\/\/www.lacrinera.com\/ca\/wp-json\/wp\/v2\/media?parent=450"}],"curies":[{"name":"wp","href":"https:\/\/api.w.org\/{rel}","templated":true}]}}